{"id":667,"date":"2025-09-09T09:38:30","date_gmt":"2025-09-09T09:38:30","guid":{"rendered":"https:\/\/embacarp.com\/sectors\/"},"modified":"2025-09-09T10:28:13","modified_gmt":"2025-09-09T10:28:13","slug":"sectors","status":"publish","type":"page","link":"https:\/\/embacarp.com\/ca\/sectors\/","title":{"rendered":"Sectors"},"content":{"rendered":"\n<div class=\"wp-block-cover alignfull wp-duotone-dark-grayscale\"><img loading=\"lazy\" decoding=\"async\" width=\"1024\" height=\"682\" class=\"wp-block-cover__image-background wp-image-601 size-large\" alt=\"\" src=\"https:\/\/embacarp.com\/wp-content\/uploads\/2025\/09\/jaula-1024x682.jpg\" data-object-fit=\"cover\" srcset=\"https:\/\/embacarp.com\/wp-content\/uploads\/2025\/09\/jaula-1024x682.jpg 1024w, https:\/\/embacarp.com\/wp-content\/uploads\/2025\/09\/jaula-300x200.jpg 300w, https:\/\/embacarp.com\/wp-content\/uploads\/2025\/09\/jaula-768x511.jpg 768w, https:\/\/embacarp.com\/wp-content\/uploads\/2025\/09\/jaula-1536x1023.jpg 1536w, https:\/\/embacarp.com\/wp-content\/uploads\/2025\/09\/jaula-600x400.jpg 600w, https:\/\/embacarp.com\/wp-content\/uploads\/2025\/09\/jaula-240x160.jpg 240w, https:\/\/embacarp.com\/wp-content\/uploads\/2025\/09\/jaula.jpg 2000w\" sizes=\"auto, (max-width: 1024px) 100vw, 1024px\" \/><span aria-hidden=\"true\" class=\"wp-block-cover__background has-ast-global-color-0-background-color has-background-dim\"><\/span><div class=\"wp-block-cover__inner-container is-layout-constrained wp-block-cover-is-layout-constrained\">\n<p class=\"has-text-align-center has-ast-global-color-1-color has-text-color has-link-color has-large-font-size wp-elements-0a96eb5e49e2a78bb49b7c63533a93fa\"><strong><strong><strong>Solucions d&#8217;embalatge per als sectors m\u00e9s exigents<\/strong><\/strong><\/strong><\/p>\n\n\n\n<p class=\"has-text-align-center has-ast-global-color-4-color has-text-color has-link-color wp-elements-2595ddca2615a9f209c9b0c3e3ba0e99\"><strong>M\u00e9s de 50 anys col\u00b7laborant amb la ind\u00fastria a Espanya i Europa.<\/strong><\/p>\n\n\n\n<div class=\"wp-block-buttons is-content-justification-center is-layout-flex wp-container-core-buttons-is-layout-a89b3969 wp-block-buttons-is-layout-flex\">\n<div class=\"wp-block-button\"><a class=\"wp-block-button__link wp-element-button\" href=\"https:\/\/embacarp.com\/ca\/contacte\/\">SOL\u00b7LICITAR PRESSUPOST<\/a><\/div>\n<\/div>\n<\/div><\/div>\n\n\n\n<div class=\"wp-block-cover alignfull is-light\"><span aria-hidden=\"true\" class=\"wp-block-cover__background has-background-dim-100 has-background-dim\" style=\"background-color:#bc9d6c\"><\/span><div class=\"wp-block-cover__inner-container is-layout-flow wp-block-cover-is-layout-flow\">\n<h3 class=\"wp-block-heading has-text-align-center has-ast-global-color-4-color has-text-color has-link-color has-large-font-size wp-elements-4b7c5ac03a13e9b29d1d5464cfad3837\">La nostra experi\u00e8ncia<\/h3>\n\n\n\n<hr class=\"wp-block-separator has-alpha-channel-opacity is-style-wide\"\/>\n\n\n\n<p class=\"has-text-align-center\">A <strong>Embacarp Tarraco<\/strong> dissenyem i fabriquem embalatges a mida per a una \u00e0mplia varietat de sectors.<br>La nostra experi\u00e8ncia, flexibilitat i certificaci\u00f3 <strong>NIMF-15<\/strong> ens converteixen en un soci de confian\u00e7a per a empreses que requereixen enviaments segurs, eficients i adaptats a normatives internacionals<\/p>\n<\/div><\/div>\n\n\n\n<div class=\"wp-block-cover alignfull\" style=\"min-height:50vh;aspect-ratio:unset;\"><span aria-hidden=\"true\" class=\"wp-block-cover__background has-ast-global-color-0-background-color has-background-dim-100 has-background-dim\"><\/span><div class=\"wp-block-cover__inner-container is-layout-constrained wp-block-cover-is-layout-constrained\">\n<div class=\"wp-block-columns is-layout-flex wp-container-core-columns-is-layout-28f84493 wp-block-columns-is-layout-flex\">\n<div class=\"wp-block-column is-layout-flow wp-block-column-is-layout-flow\">\n<i class=\"fa-solid fa-vial-circle-check\" style=\"text-align:center;font-size:50px;display:block;width:100%\"><\/i>\n\n\n\n<p class=\"has-text-align-center has-ast-global-color-5-color has-text-color has-link-color has-medium-font-size wp-elements-c9e7c63c8dd2566a1382e70e420f2784\">Petroqu\u00edmica<\/p>\n\n\n\n<p class=\"has-ast-global-color-4-color has-text-color has-link-color wp-elements-7e45ed634d423672a00908a7b42e75b7\">Embalatges resistents i certificats per a components qu\u00edmics, instal\u00b7lacions i equips delicats.<br>\u2714 Protecci\u00f3 refor\u00e7ada amb films antioxidants i sistemes anticorrosi\u00f3.<br>\u2714 Compliment estricte de normatives de transport.<\/p>\n<\/div>\n\n\n\n<div class=\"wp-block-column is-layout-flow wp-block-column-is-layout-flow\">\n<i class=\"fa-solid fa-industry\" style=\"text-align:center;font-size:50px;display:block;width:100%\"><\/i>\n\n\n\n<p class=\"has-text-align-center has-ast-global-color-5-color has-text-color has-link-color has-medium-font-size wp-elements-ff398be60ea2df877ea24350017e7b82\">Ind\u00fastria<\/p>\n\n\n\n<p class=\"has-ast-global-color-4-color has-text-color has-link-color wp-elements-7ddc6c26236f363d71b28fd1646a52e6\">Fabriquem embalatges industrials per a tot tipus de components i productes de gran volum.<br>\u2714 Caixes, g\u00e0bies, bancades i palets a mida.<br>\u2714 Muntatge i trincat in situ per garantir seguretat en el transport<\/p>\n<\/div>\n\n\n\n<div class=\"wp-block-column is-layout-flow wp-block-column-is-layout-flow\">\n<i class=\"fa-solid fa-gear\" style=\"text-align:center;font-size:50px;display:block;width:100%\"><\/i>\n\n\n\n<p class=\"has-text-align-center has-ast-global-color-5-color has-text-color has-link-color has-medium-font-size wp-elements-471c31d37d299b64298aedcdf3825816\">Fabricaci\u00f3 de maquin\u00e0ria<\/p>\n\n\n\n<p class=\"has-ast-global-color-4-color has-text-color has-link-color wp-elements-1e8eac2374f66f42e844f815c35d4763\">Especialistes en embalatges de gran format i m\u00e0xima resist\u00e8ncia.<br>\u2714 Bancades i bressols dissenyats segons pl\u00e0nols t\u00e8cnics.<br>\u2714 Protecci\u00f3 contra vibracions, humitat i corrosi\u00f3.<br>\u2714 Trincat segur per a transport mar\u00edtim, terrestre o aeri.<\/p>\n<\/div>\n\n\n\n<div class=\"wp-block-column is-layout-flow wp-block-column-is-layout-flow\">\n<i class=\"fa-solid fa-truck-fast\" style=\"text-align:center;font-size:50px;display:block;width:100%\"><\/i>\n\n\n\n<p class=\"has-text-align-center has-ast-global-color-5-color has-text-color has-link-color has-medium-font-size wp-elements-6fe56da25b4a493a35e1e0b000747073\">Log\u00edstica i serveis<\/p>\n\n\n\n<p class=\"has-ast-global-color-4-color has-text-color has-link-color wp-elements-221dc09953b7f9a227098059ad7c3869\">Solucions que optimitzen la cadena de subministrament i redueixen costos.<br>\u2714 Palets industrials a mida.<br>\u2714 Accessoris d&#8217;embalatge: films, fleixos, etiquetes i precintes.<br>\u2714 Caixa ECO: desmuntable, reutilitzable i econ\u00f2mica<\/p>\n<\/div>\n\n\n\n<div class=\"wp-block-column is-layout-flow wp-block-column-is-layout-flow\">\n<i class=\"fa-solid fa-plane-circle-check\" style=\"text-align:center;font-size:50px;display:block;width:100%\"><\/i>\n\n\n\n<p class=\"has-text-align-center has-ast-global-color-5-color has-text-color has-link-color has-medium-font-size wp-elements-6644b38d3aad75b624812c7cf7a3a949\">Altres sectors<\/p>\n\n\n\n<p class=\"has-ast-global-color-4-color has-text-color has-link-color wp-elements-72d724f89985f446c2341a310c57e333\">La nostra capacitat d&#8217;adaptaci\u00f3 ens permet treballar amb clients de <strong>sectors diversos<\/strong>, sempre garantint embalatges resistents, sostenibles i ajustats a cada necessitat.<\/p>\n<\/div>\n<\/div>\n<\/div><\/div>\n\n\n\n<div class=\"wp-block-cover alignfull\"><span aria-hidden=\"true\" class=\"wp-block-cover__background has-ast-global-color-4-background-color has-background-dim-100 has-background-dim\"><\/span><div class=\"wp-block-cover__inner-container is-layout-constrained wp-block-cover-is-layout-constrained\">\n<div class=\"wp-block-media-text is-stacked-on-mobile\"><figure class=\"wp-block-media-text__media\"><img loading=\"lazy\" decoding=\"async\" width=\"1024\" height=\"682\" src=\"https:\/\/embacarp.com\/wp-content\/uploads\/2025\/09\/embacarp_nave-1024x682.jpg\" alt=\"\" class=\"wp-image-723 size-full\" srcset=\"https:\/\/embacarp.com\/wp-content\/uploads\/2025\/09\/embacarp_nave-1024x682.jpg 1024w, https:\/\/embacarp.com\/wp-content\/uploads\/2025\/09\/embacarp_nave-300x200.jpg 300w, https:\/\/embacarp.com\/wp-content\/uploads\/2025\/09\/embacarp_nave-768x511.jpg 768w, https:\/\/embacarp.com\/wp-content\/uploads\/2025\/09\/embacarp_nave-1536x1023.jpg 1536w, https:\/\/embacarp.com\/wp-content\/uploads\/2025\/09\/embacarp_nave-600x400.jpg 600w, https:\/\/embacarp.com\/wp-content\/uploads\/2025\/09\/embacarp_nave-240x160.jpg 240w, https:\/\/embacarp.com\/wp-content\/uploads\/2025\/09\/embacarp_nave.jpg 2000w\" sizes=\"auto, (max-width: 1024px) 100vw, 1024px\" \/><\/figure><div class=\"wp-block-media-text__content\">\n<h3 class=\"wp-block-heading has-ast-global-color-1-color has-text-color has-link-color wp-elements-9841970402db3b0720375d1eb0c93ea7\">Sol\u00b7liciteu pressupost sense comprom\u00eds<\/h3>\n\n\n\n<hr class=\"wp-block-separator has-text-color has-ast-global-color-1-color has-alpha-channel-opacity has-ast-global-color-1-background-color has-background is-style-wide\"\/>\n\n\n\n<p><strong><strong>En qualsevol sector, l&#8217;embalatge \u00e9s clau.<\/strong><br>A Embacarp dissenyem la soluci\u00f3 perfecta perqu\u00e8 el vostre producte arribi segur a qualsevol destinaci\u00f3.<\/strong><\/p>\n\n\n\n<div class=\"wp-block-buttons is-content-justification-left is-layout-flex wp-container-core-buttons-is-layout-fc4fd283 wp-block-buttons-is-layout-flex\">\n<div class=\"wp-block-button\"><a class=\"wp-block-button__link wp-element-button\" href=\"https:\/\/embacarp.com\/ca\/contacte\/\">SOL\u00b7LICITAR PRESSUPOST<\/a><\/div>\n<\/div>\n<\/div><\/div>\n<\/div><\/div>\n","protected":false},"excerpt":{"rendered":"","protected":false},"author":1,"featured_media":0,"parent":0,"menu_order":0,"comment_status":"closed","ping_status":"closed","template":"","meta":{"site-sidebar-layout":"default","site-content-layout":"","ast-site-content-layout":"default","site-content-style":"default","site-sidebar-style":"default","ast-global-header-display":"","ast-banner-title-visibility":"","ast-main-header-display":"","ast-hfb-above-header-display":"","ast-hfb-below-header-display":"","ast-hfb-mobile-header-display":"","site-post-title":"","ast-breadcrumbs-content":"","ast-featured-img":"","footer-sml-layout":"","ast-disable-related-posts":"","theme-transparent-header-meta":"","adv-header-id-meta":"","stick-header-meta":"","header-above-stick-meta":"","header-main-stick-meta":"","header-below-stick-meta":"","astra-migrate-meta-layouts":"default","ast-page-background-enabled":"default","ast-page-background-meta":{"desktop":{"background-color":"var(--ast-global-color-5)","background-image":"","background-repeat":"repeat","background-position":"center center","background-size":"auto","background-attachment":"scroll","background-type":"","background-media":"","overlay-type":"","overlay-color":"","overlay-opacity":"","overlay-gradient":""},"tablet":{"background-color":"","background-image":"","background-repeat":"repeat","background-position":"center center","background-size":"auto","background-attachment":"scroll","background-type":"","background-media":"","overlay-type":"","overlay-color":"","overlay-opacity":"","overlay-gradient":""},"mobile":{"background-color":"","background-image":"","background-repeat":"repeat","background-position":"center center","background-size":"auto","background-attachment":"scroll","background-type":"","background-media":"","overlay-type":"","overlay-color":"","overlay-opacity":"","overlay-gradient":""}},"ast-content-background-meta":{"desktop":{"background-color":"var(--ast-global-color-4)","background-image":"","background-repeat":"repeat","background-position":"center center","background-size":"auto","background-attachment":"scroll","background-type":"","background-media":"","overlay-type":"","overlay-color":"","overlay-opacity":"","overlay-gradient":""},"tablet":{"background-color":"var(--ast-global-color-4)","background-image":"","background-repeat":"repeat","background-position":"center center","background-size":"auto","background-attachment":"scroll","background-type":"","background-media":"","overlay-type":"","overlay-color":"","overlay-opacity":"","overlay-gradient":""},"mobile":{"background-color":"var(--ast-global-color-4)","background-image":"","background-repeat":"repeat","background-position":"center center","background-size":"auto","background-attachment":"scroll","background-type":"","background-media":"","overlay-type":"","overlay-color":"","overlay-opacity":"","overlay-gradient":""}},"footnotes":""},"class_list":["post-667","page","type-page","status-publish","hentry"],"yoast_head":"<!-- This site is optimized with the Yoast SEO plugin v27.5 - https:\/\/yoast.com\/product\/yoast-seo-wordpress\/ -->\n<title>Sectors - Embacarp<\/title>\n<meta name=\"robots\" content=\"index, follow, max-snippet:-1, max-image-preview:large, max-video-preview:-1\" \/>\n<link rel=\"canonical\" href=\"https:\/\/embacarp.com\/ca\/sectors\/\" \/>\n<meta property=\"og:locale\" content=\"ca_ES\" \/>\n<meta property=\"og:type\" content=\"article\" \/>\n<meta property=\"og:title\" content=\"Sectors - Embacarp\" \/>\n<meta property=\"og:url\" content=\"https:\/\/embacarp.com\/ca\/sectors\/\" \/>\n<meta property=\"og:site_name\" content=\"Embacarp\" \/>\n<meta property=\"article:modified_time\" content=\"2025-09-09T10:28:13+00:00\" \/>\n<meta property=\"og:image\" content=\"https:\/\/embacarp.com\/wp-content\/uploads\/2025\/09\/jaula.jpg\" \/>\n\t<meta property=\"og:image:width\" content=\"2000\" \/>\n\t<meta property=\"og:image:height\" content=\"1332\" \/>\n\t<meta property=\"og:image:type\" content=\"image\/jpeg\" \/>\n<meta name=\"twitter:card\" content=\"summary_large_image\" \/>\n<meta name=\"twitter:label1\" content=\"Temps estimat de lectura\" \/>\n\t<meta name=\"twitter:data1\" content=\"2 minuts\" \/>\n<script type=\"application\/ld+json\" class=\"yoast-schema-graph\">{\"@context\":\"https:\\\/\\\/schema.org\",\"@graph\":[{\"@type\":\"WebPage\",\"@id\":\"https:\\\/\\\/embacarp.com\\\/ca\\\/sectors\\\/\",\"url\":\"https:\\\/\\\/embacarp.com\\\/ca\\\/sectors\\\/\",\"name\":\"Sectors - Embacarp\",\"isPartOf\":{\"@id\":\"https:\\\/\\\/embacarp.com\\\/ca\\\/#website\"},\"primaryImageOfPage\":{\"@id\":\"https:\\\/\\\/embacarp.com\\\/ca\\\/sectors\\\/#primaryimage\"},\"image\":{\"@id\":\"https:\\\/\\\/embacarp.com\\\/ca\\\/sectors\\\/#primaryimage\"},\"thumbnailUrl\":\"https:\\\/\\\/embacarp.com\\\/wp-content\\\/uploads\\\/2025\\\/09\\\/jaula-1024x682.jpg\",\"datePublished\":\"2025-09-09T09:38:30+00:00\",\"dateModified\":\"2025-09-09T10:28:13+00:00\",\"breadcrumb\":{\"@id\":\"https:\\\/\\\/embacarp.com\\\/ca\\\/sectors\\\/#breadcrumb\"},\"inLanguage\":\"ca\",\"potentialAction\":[{\"@type\":\"ReadAction\",\"target\":[\"https:\\\/\\\/embacarp.com\\\/ca\\\/sectors\\\/\"]}]},{\"@type\":\"ImageObject\",\"inLanguage\":\"ca\",\"@id\":\"https:\\\/\\\/embacarp.com\\\/ca\\\/sectors\\\/#primaryimage\",\"url\":\"https:\\\/\\\/embacarp.com\\\/wp-content\\\/uploads\\\/2025\\\/09\\\/jaula-1024x682.jpg\",\"contentUrl\":\"https:\\\/\\\/embacarp.com\\\/wp-content\\\/uploads\\\/2025\\\/09\\\/jaula-1024x682.jpg\"},{\"@type\":\"BreadcrumbList\",\"@id\":\"https:\\\/\\\/embacarp.com\\\/ca\\\/sectors\\\/#breadcrumb\",\"itemListElement\":[{\"@type\":\"ListItem\",\"position\":1,\"name\":\"Portada\",\"item\":\"https:\\\/\\\/embacarp.com\\\/ca\\\/\"},{\"@type\":\"ListItem\",\"position\":2,\"name\":\"Sectors\"}]},{\"@type\":\"WebSite\",\"@id\":\"https:\\\/\\\/embacarp.com\\\/ca\\\/#website\",\"url\":\"https:\\\/\\\/embacarp.com\\\/ca\\\/\",\"name\":\"Embacarp\",\"description\":\"Embacarp fabrica embalajes de madera certificados NIMF-15: cajas, palets y soluciones industriales a medida para transporte seguro y sostenible.\",\"publisher\":{\"@id\":\"https:\\\/\\\/embacarp.com\\\/ca\\\/#organization\"},\"potentialAction\":[{\"@type\":\"SearchAction\",\"target\":{\"@type\":\"EntryPoint\",\"urlTemplate\":\"https:\\\/\\\/embacarp.com\\\/ca\\\/?s={search_term_string}\"},\"query-input\":{\"@type\":\"PropertyValueSpecification\",\"valueRequired\":true,\"valueName\":\"search_term_string\"}}],\"inLanguage\":\"ca\"},{\"@type\":\"Organization\",\"@id\":\"https:\\\/\\\/embacarp.com\\\/ca\\\/#organization\",\"name\":\"Embacarp S.L.U.\",\"url\":\"https:\\\/\\\/embacarp.com\\\/ca\\\/\",\"logo\":{\"@type\":\"ImageObject\",\"inLanguage\":\"ca\",\"@id\":\"https:\\\/\\\/embacarp.com\\\/ca\\\/#\\\/schema\\\/logo\\\/image\\\/\",\"url\":\"https:\\\/\\\/embacarp.com\\\/wp-content\\\/uploads\\\/2020\\\/05\\\/logoembacarp.png\",\"contentUrl\":\"https:\\\/\\\/embacarp.com\\\/wp-content\\\/uploads\\\/2020\\\/05\\\/logoembacarp.png\",\"width\":519,\"height\":83,\"caption\":\"Embacarp S.L.U.\"},\"image\":{\"@id\":\"https:\\\/\\\/embacarp.com\\\/ca\\\/#\\\/schema\\\/logo\\\/image\\\/\"}}]}<\/script>\n<!-- \/ Yoast SEO plugin. -->","yoast_head_json":{"title":"Sectors - Embacarp","robots":{"index":"index","follow":"follow","max-snippet":"max-snippet:-1","max-image-preview":"max-image-preview:large","max-video-preview":"max-video-preview:-1"},"canonical":"https:\/\/embacarp.com\/ca\/sectors\/","og_locale":"ca_ES","og_type":"article","og_title":"Sectors - Embacarp","og_url":"https:\/\/embacarp.com\/ca\/sectors\/","og_site_name":"Embacarp","article_modified_time":"2025-09-09T10:28:13+00:00","og_image":[{"width":2000,"height":1332,"url":"https:\/\/embacarp.com\/wp-content\/uploads\/2025\/09\/jaula.jpg","type":"image\/jpeg"}],"twitter_card":"summary_large_image","twitter_misc":{"Temps estimat de lectura":"2 minuts"},"schema":{"@context":"https:\/\/schema.org","@graph":[{"@type":"WebPage","@id":"https:\/\/embacarp.com\/ca\/sectors\/","url":"https:\/\/embacarp.com\/ca\/sectors\/","name":"Sectors - Embacarp","isPartOf":{"@id":"https:\/\/embacarp.com\/ca\/#website"},"primaryImageOfPage":{"@id":"https:\/\/embacarp.com\/ca\/sectors\/#primaryimage"},"image":{"@id":"https:\/\/embacarp.com\/ca\/sectors\/#primaryimage"},"thumbnailUrl":"https:\/\/embacarp.com\/wp-content\/uploads\/2025\/09\/jaula-1024x682.jpg","datePublished":"2025-09-09T09:38:30+00:00","dateModified":"2025-09-09T10:28:13+00:00","breadcrumb":{"@id":"https:\/\/embacarp.com\/ca\/sectors\/#breadcrumb"},"inLanguage":"ca","potentialAction":[{"@type":"ReadAction","target":["https:\/\/embacarp.com\/ca\/sectors\/"]}]},{"@type":"ImageObject","inLanguage":"ca","@id":"https:\/\/embacarp.com\/ca\/sectors\/#primaryimage","url":"https:\/\/embacarp.com\/wp-content\/uploads\/2025\/09\/jaula-1024x682.jpg","contentUrl":"https:\/\/embacarp.com\/wp-content\/uploads\/2025\/09\/jaula-1024x682.jpg"},{"@type":"BreadcrumbList","@id":"https:\/\/embacarp.com\/ca\/sectors\/#breadcrumb","itemListElement":[{"@type":"ListItem","position":1,"name":"Portada","item":"https:\/\/embacarp.com\/ca\/"},{"@type":"ListItem","position":2,"name":"Sectors"}]},{"@type":"WebSite","@id":"https:\/\/embacarp.com\/ca\/#website","url":"https:\/\/embacarp.com\/ca\/","name":"Embacarp","description":"Embacarp fabrica embalajes de madera certificados NIMF-15: cajas, palets y soluciones industriales a medida para transporte seguro y sostenible.","publisher":{"@id":"https:\/\/embacarp.com\/ca\/#organization"},"potentialAction":[{"@type":"SearchAction","target":{"@type":"EntryPoint","urlTemplate":"https:\/\/embacarp.com\/ca\/?s={search_term_string}"},"query-input":{"@type":"PropertyValueSpecification","valueRequired":true,"valueName":"search_term_string"}}],"inLanguage":"ca"},{"@type":"Organization","@id":"https:\/\/embacarp.com\/ca\/#organization","name":"Embacarp S.L.U.","url":"https:\/\/embacarp.com\/ca\/","logo":{"@type":"ImageObject","inLanguage":"ca","@id":"https:\/\/embacarp.com\/ca\/#\/schema\/logo\/image\/","url":"https:\/\/embacarp.com\/wp-content\/uploads\/2020\/05\/logoembacarp.png","contentUrl":"https:\/\/embacarp.com\/wp-content\/uploads\/2020\/05\/logoembacarp.png","width":519,"height":83,"caption":"Embacarp S.L.U."},"image":{"@id":"https:\/\/embacarp.com\/ca\/#\/schema\/logo\/image\/"}}]}},"_links":{"self":[{"href":"https:\/\/embacarp.com\/ca\/wp-json\/wp\/v2\/pages\/667","targetHints":{"allow":["GET"]}}],"collection":[{"href":"https:\/\/embacarp.com\/ca\/wp-json\/wp\/v2\/pages"}],"about":[{"href":"https:\/\/embacarp.com\/ca\/wp-json\/wp\/v2\/types\/page"}],"author":[{"embeddable":true,"href":"https:\/\/embacarp.com\/ca\/wp-json\/wp\/v2\/users\/1"}],"replies":[{"embeddable":true,"href":"https:\/\/embacarp.com\/ca\/wp-json\/wp\/v2\/comments?post=667"}],"version-history":[{"count":3,"href":"https:\/\/embacarp.com\/ca\/wp-json\/wp\/v2\/pages\/667\/revisions"}],"predecessor-version":[{"id":730,"href":"https:\/\/embacarp.com\/ca\/wp-json\/wp\/v2\/pages\/667\/revisions\/730"}],"wp:attachment":[{"href":"https:\/\/embacarp.com\/ca\/wp-json\/wp\/v2\/media?parent=667"}],"curies":[{"name":"wp","href":"https:\/\/api.w.org\/{rel}","templated":true}]}}