{"id":689,"date":"2020-06-06T08:35:36","date_gmt":"2020-06-06T08:35:36","guid":{"rendered":"https:\/\/embacarp.com\/qui-som\/"},"modified":"2025-09-09T10:29:14","modified_gmt":"2025-09-09T10:29:14","slug":"qui-som","status":"publish","type":"page","link":"https:\/\/embacarp.com\/ca\/qui-som\/","title":{"rendered":"Qui som"},"content":{"rendered":"\n<div class=\"wp-block-cover alignfull wp-duotone-dark-grayscale\"><img loading=\"lazy\" decoding=\"async\" width=\"1024\" height=\"682\" class=\"wp-block-cover__image-background wp-image-577 size-large\" alt=\"\" src=\"https:\/\/embacarp.com\/wp-content\/uploads\/2025\/09\/embacarp_nave-1024x682.jpg\" data-object-fit=\"cover\" srcset=\"https:\/\/embacarp.com\/wp-content\/uploads\/2025\/09\/embacarp_nave-1024x682.jpg 1024w, https:\/\/embacarp.com\/wp-content\/uploads\/2025\/09\/embacarp_nave-300x200.jpg 300w, https:\/\/embacarp.com\/wp-content\/uploads\/2025\/09\/embacarp_nave-768x511.jpg 768w, https:\/\/embacarp.com\/wp-content\/uploads\/2025\/09\/embacarp_nave-1536x1023.jpg 1536w, https:\/\/embacarp.com\/wp-content\/uploads\/2025\/09\/embacarp_nave-600x400.jpg 600w, https:\/\/embacarp.com\/wp-content\/uploads\/2025\/09\/embacarp_nave-240x160.jpg 240w, https:\/\/embacarp.com\/wp-content\/uploads\/2025\/09\/embacarp_nave.jpg 2000w\" sizes=\"auto, (max-width: 1024px) 100vw, 1024px\" \/><span aria-hidden=\"true\" class=\"wp-block-cover__background has-ast-global-color-0-background-color has-background-dim\"><\/span><div class=\"wp-block-cover__inner-container is-layout-constrained wp-block-cover-is-layout-constrained\">\n<p class=\"has-text-align-center has-ast-global-color-1-color has-text-color has-link-color has-large-font-size wp-elements-c37fac33bb61f0eea02968d72a4fae50\"><strong><strong>M\u00e9s de 50 anys donant forma a la confian\u00e7a<\/strong><\/strong><\/p>\n\n\n\n<p class=\"has-text-align-center has-ast-global-color-4-color has-text-color has-link-color wp-elements-c1ee788345f55b2d0bc1ae1575648918\"><strong>De la fusteria tradicional a l&#8217;embalatge industrial de refer\u00e8ncia a Espanya.<\/strong><\/p>\n\n\n\n<div class=\"wp-block-buttons is-content-justification-center is-layout-flex wp-container-core-buttons-is-layout-a89b3969 wp-block-buttons-is-layout-flex\">\n<div class=\"wp-block-button\"><a class=\"wp-block-button__link wp-element-button\" href=\"https:\/\/embacarp.com\/ca\/contacte\/\">SOL\u00b7LICITAR PRESSUPOST<\/a><\/div>\n<\/div>\n<\/div><\/div>\n\n\n\n<div class=\"wp-block-cover alignfull is-light\"><span aria-hidden=\"true\" class=\"wp-block-cover__background has-background-dim-100 has-background-dim\" style=\"background-color:#bc9d6c\"><\/span><div class=\"wp-block-cover__inner-container is-layout-flow wp-block-cover-is-layout-flow\">\n<h3 class=\"wp-block-heading has-text-align-center has-ast-global-color-4-color has-text-color has-link-color has-large-font-size wp-elements-b2155ac82af659125085f2a9762771a1\">La nostra hist\u00f2ria<\/h3>\n\n\n\n<hr class=\"wp-block-separator has-alpha-channel-opacity is-style-wide\"\/>\n\n\n\n<p class=\"has-text-align-center\">A <strong>Embacarp Tarraco<\/strong> portem m\u00e9s de mig segle creant solucions d&#8217;embalatge.<br>Vam n\u00e9ixer el 1965 com una fusteria a Tarragona i, amb l&#8217;evoluci\u00f3 dels mercats, l&#8217;any 2000 ens vam reorientar cap a l&#8217;<strong>embalatge industrial de fusta<\/strong>.<\/p>\n\n\n\n<p class=\"has-text-align-center\">Avui dia, som un referent en la fabricaci\u00f3 d&#8217;embalatges a mida per a sectors tan exigents com la petroqu\u00edmica, la ind\u00fastria, la log\u00edstica o la maquin\u00e0ria<\/p>\n<\/div><\/div>\n\n\n\n<div class=\"wp-block-cover alignfull\"><span aria-hidden=\"true\" class=\"wp-block-cover__background has-ast-global-color-4-background-color has-background-dim-100 has-background-dim\"><\/span><div class=\"wp-block-cover__inner-container is-layout-constrained wp-block-cover-is-layout-constrained\">\n<div class=\"wp-block-media-text is-stacked-on-mobile is-image-fill-element\" style=\"grid-template-columns:38% auto\"><figure class=\"wp-block-media-text__media\"><img loading=\"lazy\" decoding=\"async\" width=\"1024\" height=\"682\" src=\"https:\/\/embacarp.com\/wp-content\/uploads\/2025\/09\/cajas-1024x682.jpg\" alt=\"\" class=\"wp-image-506 size-full\" style=\"object-position:50% 50%\" srcset=\"https:\/\/embacarp.com\/wp-content\/uploads\/2025\/09\/cajas-1024x682.jpg 1024w, https:\/\/embacarp.com\/wp-content\/uploads\/2025\/09\/cajas-300x200.jpg 300w, https:\/\/embacarp.com\/wp-content\/uploads\/2025\/09\/cajas-768x511.jpg 768w, https:\/\/embacarp.com\/wp-content\/uploads\/2025\/09\/cajas-1536x1023.jpg 1536w, https:\/\/embacarp.com\/wp-content\/uploads\/2025\/09\/cajas-600x400.jpg 600w, https:\/\/embacarp.com\/wp-content\/uploads\/2025\/09\/cajas-240x160.jpg 240w, https:\/\/embacarp.com\/wp-content\/uploads\/2025\/09\/cajas.jpg 2000w\" sizes=\"auto, (max-width: 1024px) 100vw, 1024px\" \/><\/figure><div class=\"wp-block-media-text__content\">\n<h3 class=\"wp-block-heading has-ast-global-color-1-color has-text-color has-link-color has-large-font-size wp-elements-f4a3bd010efbde2b931d73b1f46286b5\">Qu\u00e8 fem?<\/h3>\n\n\n\n<hr class=\"wp-block-separator has-text-color has-ast-global-color-1-color has-alpha-channel-opacity has-ast-global-color-1-background-color has-background is-style-wide\"\/>\n\n\n\n<p>Fabriquem embalatges de fusta per a productes de <strong>qualsevol mida o complexitat<\/strong>:<\/p>\n\n\n\n<ul class=\"wp-block-list\">\n<li class=\"has-ast-global-color-1-color has-text-color has-link-color wp-elements-97341ad6a27320ea28cf18712cddfb81\">Caixes de fusta (est\u00e0ndard, contraplacades, plywood, llistons).<\/li>\n\n\n\n<li class=\"has-ast-global-color-1-color has-text-color has-link-color wp-elements-f45c584fd59f19ea2861e8cbacb96b8e\">Palets industrials.<\/li>\n\n\n\n<li class=\"has-ast-global-color-1-color has-text-color has-link-color wp-elements-beecb02ddb3698e21ea51af33b0f0880\">G\u00e0bies, bressols i bancades.<\/li>\n\n\n\n<li class=\"has-ast-global-color-1-color has-text-color has-link-color wp-elements-1b4cd8b796b01de4db86bbdc6564e46e\">Accessoris i materials de protecci\u00f3.<\/li>\n<\/ul>\n\n\n\n<p>A m\u00e9s, oferim serveis de <strong>muntatge i trincat in situ<\/strong>, adaptant-nos a les instal\u00b7lacions i necessitats de cada client<\/p>\n<\/div><\/div>\n<\/div><\/div>\n\n\n\n<div class=\"wp-block-cover alignfull\"><span aria-hidden=\"true\" class=\"wp-block-cover__background has-ast-global-color-0-background-color has-background-dim-100 has-background-dim\"><\/span><div class=\"wp-block-cover__inner-container is-layout-constrained wp-block-cover-is-layout-constrained\">\n<h3 class=\"wp-block-heading has-text-align-center has-ast-global-color-1-color has-text-color has-link-color has-large-font-size wp-elements-1a8d9c2b1d88c08103d47c6b40364a6c\">Els nostres valors<\/h3>\n\n\n\n<hr class=\"wp-block-separator has-text-color has-ast-global-color-1-color has-alpha-channel-opacity has-ast-global-color-1-background-color has-background is-style-wide\"\/>\n\n\n\n<div class=\"wp-block-columns is-layout-flex wp-container-core-columns-is-layout-28f84493 wp-block-columns-is-layout-flex\">\n<div class=\"wp-block-column is-layout-flow wp-block-column-is-layout-flow\">\n<p class=\"has-ast-global-color-5-color has-text-color has-link-color has-medium-font-size wp-elements-f3522a4f9e0c1c3b9e474034c902660c\"><strong>Experi\u00e8ncia i dedicaci\u00f3<\/strong><\/p>\n\n\n\n<p class=\"has-ast-global-color-4-color has-text-color has-link-color wp-elements-100119600ff061bf6b765dae96c94ac5\">M\u00e9s de 50 anys en el sector.<\/p>\n<\/div>\n\n\n\n<div class=\"wp-block-column is-layout-flow wp-block-column-is-layout-flow\">\n<p class=\"has-ast-global-color-5-color has-text-color has-link-color has-medium-font-size wp-elements-92dd81114363b6cba172bce464812ecf\">Qualitat i confian\u00e7a<\/p>\n\n\n\n<p class=\"has-ast-global-color-4-color has-text-color has-link-color wp-elements-b5350c760165a2c302446ef6bb5a9920\">Cuidem cada detall de l&#8217;embalatge per garantir m\u00e0xima seguretat en els enviaments.<\/p>\n<\/div>\n\n\n\n<div class=\"wp-block-column is-layout-flow wp-block-column-is-layout-flow\">\n<p class=\"has-ast-global-color-5-color has-text-color has-link-color has-medium-font-size wp-elements-39f8468eebb685f1f3eaf014db8f9994\">Proximitat i flexibilitat<\/p>\n\n\n\n<p class=\"has-ast-global-color-4-color has-text-color has-link-color wp-elements-0740af34aa384c3545943796182aa183\">Ens adaptem a cada client i a cada projecte<\/p>\n<\/div>\n\n\n\n<div class=\"wp-block-column is-layout-flow wp-block-column-is-layout-flow\">\n<p class=\"has-ast-global-color-5-color has-text-color has-link-color has-medium-font-size wp-elements-ffa91bdaf07631189f9579ae3f55cdab\">Innovaci\u00f3<\/p>\n\n\n\n<p class=\"has-ast-global-color-4-color has-text-color has-link-color wp-elements-9d5fd685362e58911958a4cac304b8e8\">Apliquem solucions com la tecnologia <strong>INTERCEPT<\/strong> anticorrosi\u00f3<\/p>\n<\/div>\n\n\n\n<div class=\"wp-block-column is-layout-flow wp-block-column-is-layout-flow\">\n<p class=\"has-ast-global-color-5-color has-text-color has-link-color has-medium-font-size wp-elements-3e47f2a247bcb9f3ae55bcadb8a3e2cc\">Sostenibilitat<\/p>\n\n\n\n<p class=\"has-ast-global-color-4-color has-text-color has-link-color wp-elements-79b0c1b8e475315a3d6502e3efc88572\">Utilitzem fustes de plantacions sostenibles i fomentem sistemes reutilitzables com la <strong>Caixa ECO<\/strong><\/p>\n<\/div>\n<\/div>\n\n\n\n<div class=\"wp-block-buttons is-content-justification-center is-layout-flex wp-container-core-buttons-is-layout-a89b3969 wp-block-buttons-is-layout-flex\">\n<div class=\"wp-block-button\"><a class=\"wp-block-button__link wp-element-button\" href=\"https:\/\/embacarp.com\/ca\/productes-i-solucions\/\">VEURE TOTS ELS PRODUCTES<\/a><\/div>\n<\/div>\n<\/div><\/div>\n\n\n\n<div class=\"wp-block-cover alignfull\"><span aria-hidden=\"true\" class=\"wp-block-cover__background has-ast-global-color-4-background-color has-background-dim-100 has-background-dim\"><\/span><div class=\"wp-block-cover__inner-container is-layout-constrained wp-block-cover-is-layout-constrained\">\n<div class=\"wp-block-media-text is-stacked-on-mobile\" style=\"grid-template-columns:38% auto\"><figure class=\"wp-block-media-text__media\"><img loading=\"lazy\" decoding=\"async\" width=\"300\" height=\"226\" src=\"https:\/\/embacarp.com\/wp-content\/uploads\/2025\/09\/NIMF-15.png\" alt=\"\" class=\"wp-image-531 size-full\" srcset=\"https:\/\/embacarp.com\/wp-content\/uploads\/2025\/09\/NIMF-15.png 300w, https:\/\/embacarp.com\/wp-content\/uploads\/2025\/09\/NIMF-15-212x160.png 212w\" sizes=\"auto, (max-width: 300px) 100vw, 300px\" \/><\/figure><div class=\"wp-block-media-text__content\">\n<h3 class=\"wp-block-heading has-ast-global-color-1-color has-text-color has-link-color has-large-font-size wp-elements-e21ee1bc7835fe6872d8fb4cdb0e03ba\">Certificacions i compliment normatiu<\/h3>\n\n\n\n<p><strong>NIMF-15: <\/strong>tots els nostres embalatges compleixen amb la Norma Internacional per a Mesures Fitosanit\u00e0ries, la qual cosa permet que viatgin sense restriccions en el comer\u00e7 internacional.<\/p>\n\n\n\n<p><strong>CTAIMA: <\/strong>registre que garanteix que els nostres operaris poden treballar en instal\u00b7lacions de grans empreses industrials.<\/p>\n\n\n\n<p><strong>Comprom\u00eds ambiental:<\/strong> fusta certificada i processos responsables.<\/p>\n<\/div><\/div>\n<\/div><\/div>\n\n\n\n<div class=\"wp-block-cover alignfull\" style=\"min-height:50vh;aspect-ratio:unset;\"><span aria-hidden=\"true\" class=\"wp-block-cover__background has-ast-global-color-1-background-color has-background-dim-100 has-background-dim\"><\/span><div class=\"wp-block-cover__inner-container is-layout-constrained wp-block-cover-is-layout-constrained\">\n<h3 class=\"wp-block-heading has-text-align-center has-ast-global-color-0-color has-text-color has-link-color has-large-font-size wp-elements-e46784c498e359e6392c5670dec3e022\">El nostre equip<\/h3>\n\n\n\n<hr class=\"wp-block-separator has-text-color has-ast-global-color-0-color has-alpha-channel-opacity has-ast-global-color-0-background-color has-background is-style-wide\"\/>\n\n\n\n<p class=\"has-text-align-center has-ast-global-color-4-color has-text-color has-link-color has-medium-font-size wp-elements-20828f46359728ccaa1a72daca8a6dc5\">A Embacarp comptem amb un equip hum\u00e0 altament qualificat, que combina l&#8217;experi\u00e8ncia artesanal amb la innovaci\u00f3 tecnol\u00f2gica.<br>El seu comprom\u00eds, juntament amb la confian\u00e7a dels nostres clients, \u00e9s el que ens ha perm\u00e8s consolidar-nos com un referent en l&#8217;embalatge industrial<\/p>\n\n\n\n<figure class=\"wp-block-image aligncenter size-full is-resized wp-duotone-dark-grayscale\"><img loading=\"lazy\" decoding=\"async\" width=\"300\" height=\"48\" src=\"https:\/\/embacarp.com\/wp-content\/uploads\/2020\/07\/logoembacarpNEG.png\" alt=\"\" class=\"wp-image-357\" style=\"width:248px;height:auto\" srcset=\"https:\/\/embacarp.com\/wp-content\/uploads\/2020\/07\/logoembacarpNEG.png 300w, https:\/\/embacarp.com\/wp-content\/uploads\/2020\/07\/logoembacarpNEG-263x42.png 263w\" sizes=\"auto, (max-width: 300px) 100vw, 300px\" \/><\/figure>\n<\/div><\/div>\n\n\n\n<div class=\"wp-block-cover alignfull\"><span aria-hidden=\"true\" class=\"wp-block-cover__background has-ast-global-color-4-background-color has-background-dim-100 has-background-dim\"><\/span><div class=\"wp-block-cover__inner-container is-layout-constrained wp-block-cover-is-layout-constrained\">\n<div class=\"wp-block-media-text is-stacked-on-mobile\"><figure class=\"wp-block-media-text__media\"><img loading=\"lazy\" decoding=\"async\" width=\"1024\" height=\"682\" src=\"https:\/\/embacarp.com\/wp-content\/uploads\/2025\/09\/embacarp_nave-1024x682.jpg\" alt=\"\" class=\"wp-image-723 size-full\" srcset=\"https:\/\/embacarp.com\/wp-content\/uploads\/2025\/09\/embacarp_nave-1024x682.jpg 1024w, https:\/\/embacarp.com\/wp-content\/uploads\/2025\/09\/embacarp_nave-300x200.jpg 300w, https:\/\/embacarp.com\/wp-content\/uploads\/2025\/09\/embacarp_nave-768x511.jpg 768w, https:\/\/embacarp.com\/wp-content\/uploads\/2025\/09\/embacarp_nave-1536x1023.jpg 1536w, https:\/\/embacarp.com\/wp-content\/uploads\/2025\/09\/embacarp_nave-600x400.jpg 600w, https:\/\/embacarp.com\/wp-content\/uploads\/2025\/09\/embacarp_nave-240x160.jpg 240w, https:\/\/embacarp.com\/wp-content\/uploads\/2025\/09\/embacarp_nave.jpg 2000w\" sizes=\"auto, (max-width: 1024px) 100vw, 1024px\" \/><\/figure><div class=\"wp-block-media-text__content\">\n<h3 class=\"wp-block-heading has-ast-global-color-1-color has-text-color has-link-color wp-elements-9841970402db3b0720375d1eb0c93ea7\">Sol\u00b7liciteu pressupost sense comprom\u00eds<\/h3>\n\n\n\n<hr class=\"wp-block-separator has-text-color has-ast-global-color-1-color has-alpha-channel-opacity has-ast-global-color-1-background-color has-background is-style-wide\"\/>\n\n\n\n<p><strong>Confieu en un especialista en embalatge industrial amb experi\u00e8ncia, innovaci\u00f3 i proximitat.<\/strong><\/p>\n\n\n\n<div class=\"wp-block-buttons is-content-justification-left is-layout-flex wp-container-core-buttons-is-layout-fc4fd283 wp-block-buttons-is-layout-flex\">\n<div class=\"wp-block-button\"><a class=\"wp-block-button__link wp-element-button\" href=\"https:\/\/embacarp.com\/ca\/contacte\/\">SOL\u00b7LICITAR PRESSUPOST<\/a><\/div>\n<\/div>\n<\/div><\/div>\n<\/div><\/div>\n","protected":false},"excerpt":{"rendered":"","protected":false},"author":1,"featured_media":0,"parent":0,"menu_order":0,"comment_status":"closed","ping_status":"closed","template":"","meta":{"site-sidebar-layout":"default","site-content-layout":"","ast-site-content-layout":"default","site-content-style":"default","site-sidebar-style":"default","ast-global-header-display":"","ast-banner-title-visibility":"","ast-main-header-display":"","ast-hfb-above-header-display":"","ast-hfb-below-header-display":"","ast-hfb-mobile-header-display":"","site-post-title":"","ast-breadcrumbs-content":"","ast-featured-img":"","footer-sml-layout":"","ast-disable-related-posts":"","theme-transparent-header-meta":"","adv-header-id-meta":"","stick-header-meta":"","header-above-stick-meta":"","header-main-stick-meta":"","header-below-stick-meta":"","astra-migrate-meta-layouts":"default","ast-page-background-enabled":"default","ast-page-background-meta":{"desktop":{"background-color":"var(--ast-global-color-5)","background-image":"","background-repeat":"repeat","background-position":"center center","background-size":"auto","background-attachment":"scroll","background-type":"","background-media":"","overlay-type":"","overlay-color":"","overlay-opacity":"","overlay-gradient":""},"tablet":{"background-color":"","background-image":"","background-repeat":"repeat","background-position":"center center","background-size":"auto","background-attachment":"scroll","background-type":"","background-media":"","overlay-type":"","overlay-color":"","overlay-opacity":"","overlay-gradient":""},"mobile":{"background-color":"","background-image":"","background-repeat":"repeat","background-position":"center center","background-size":"auto","background-attachment":"scroll","background-type":"","background-media":"","overlay-type":"","overlay-color":"","overlay-opacity":"","overlay-gradient":""}},"ast-content-background-meta":{"desktop":{"background-color":"var(--ast-global-color-4)","background-image":"","background-repeat":"repeat","background-position":"center center","background-size":"auto","background-attachment":"scroll","background-type":"","background-media":"","overlay-type":"","overlay-color":"","overlay-opacity":"","overlay-gradient":""},"tablet":{"background-color":"var(--ast-global-color-4)","background-image":"","background-repeat":"repeat","background-position":"center center","background-size":"auto","background-attachment":"scroll","background-type":"","background-media":"","overlay-type":"","overlay-color":"","overlay-opacity":"","overlay-gradient":""},"mobile":{"background-color":"var(--ast-global-color-4)","background-image":"","background-repeat":"repeat","background-position":"center center","background-size":"auto","background-attachment":"scroll","background-type":"","background-media":"","overlay-type":"","overlay-color":"","overlay-opacity":"","overlay-gradient":""}},"footnotes":""},"class_list":["post-689","page","type-page","status-publish","hentry"],"yoast_head":"<!-- This site is optimized with the Yoast SEO plugin v27.5 - https:\/\/yoast.com\/product\/yoast-seo-wordpress\/ -->\n<title>Qui som - Embacarp<\/title>\n<meta name=\"robots\" content=\"index, follow, max-snippet:-1, max-image-preview:large, max-video-preview:-1\" \/>\n<link rel=\"canonical\" href=\"https:\/\/embacarp.com\/ca\/qui-som\/\" \/>\n<meta property=\"og:locale\" content=\"ca_ES\" \/>\n<meta property=\"og:type\" content=\"article\" \/>\n<meta property=\"og:title\" content=\"Qui som - Embacarp\" \/>\n<meta property=\"og:url\" content=\"https:\/\/embacarp.com\/ca\/qui-som\/\" \/>\n<meta property=\"og:site_name\" content=\"Embacarp\" \/>\n<meta property=\"article:modified_time\" content=\"2025-09-09T10:29:14+00:00\" \/>\n<meta property=\"og:image\" content=\"https:\/\/embacarp.com\/wp-content\/uploads\/2025\/09\/embacarp_nave.jpg\" \/>\n\t<meta property=\"og:image:width\" content=\"2000\" \/>\n\t<meta property=\"og:image:height\" content=\"1332\" \/>\n\t<meta property=\"og:image:type\" content=\"image\/jpeg\" \/>\n<meta name=\"twitter:card\" content=\"summary_large_image\" \/>\n<meta name=\"twitter:label1\" content=\"Temps estimat de lectura\" \/>\n\t<meta name=\"twitter:data1\" content=\"3 minuts\" \/>\n<script type=\"application\/ld+json\" class=\"yoast-schema-graph\">{\"@context\":\"https:\\\/\\\/schema.org\",\"@graph\":[{\"@type\":\"WebPage\",\"@id\":\"https:\\\/\\\/embacarp.com\\\/ca\\\/qui-som\\\/\",\"url\":\"https:\\\/\\\/embacarp.com\\\/ca\\\/qui-som\\\/\",\"name\":\"Qui som - Embacarp\",\"isPartOf\":{\"@id\":\"https:\\\/\\\/embacarp.com\\\/ca\\\/#website\"},\"primaryImageOfPage\":{\"@id\":\"https:\\\/\\\/embacarp.com\\\/ca\\\/qui-som\\\/#primaryimage\"},\"image\":{\"@id\":\"https:\\\/\\\/embacarp.com\\\/ca\\\/qui-som\\\/#primaryimage\"},\"thumbnailUrl\":\"https:\\\/\\\/embacarp.com\\\/wp-content\\\/uploads\\\/2025\\\/09\\\/embacarp_nave-1024x682.jpg\",\"datePublished\":\"2020-06-06T08:35:36+00:00\",\"dateModified\":\"2025-09-09T10:29:14+00:00\",\"breadcrumb\":{\"@id\":\"https:\\\/\\\/embacarp.com\\\/ca\\\/qui-som\\\/#breadcrumb\"},\"inLanguage\":\"ca\",\"potentialAction\":[{\"@type\":\"ReadAction\",\"target\":[\"https:\\\/\\\/embacarp.com\\\/ca\\\/qui-som\\\/\"]}]},{\"@type\":\"ImageObject\",\"inLanguage\":\"ca\",\"@id\":\"https:\\\/\\\/embacarp.com\\\/ca\\\/qui-som\\\/#primaryimage\",\"url\":\"https:\\\/\\\/embacarp.com\\\/wp-content\\\/uploads\\\/2025\\\/09\\\/embacarp_nave-1024x682.jpg\",\"contentUrl\":\"https:\\\/\\\/embacarp.com\\\/wp-content\\\/uploads\\\/2025\\\/09\\\/embacarp_nave-1024x682.jpg\"},{\"@type\":\"BreadcrumbList\",\"@id\":\"https:\\\/\\\/embacarp.com\\\/ca\\\/qui-som\\\/#breadcrumb\",\"itemListElement\":[{\"@type\":\"ListItem\",\"position\":1,\"name\":\"Portada\",\"item\":\"https:\\\/\\\/embacarp.com\\\/ca\\\/\"},{\"@type\":\"ListItem\",\"position\":2,\"name\":\"Qui som\"}]},{\"@type\":\"WebSite\",\"@id\":\"https:\\\/\\\/embacarp.com\\\/ca\\\/#website\",\"url\":\"https:\\\/\\\/embacarp.com\\\/ca\\\/\",\"name\":\"Embacarp\",\"description\":\"Embacarp fabrica embalajes de madera certificados NIMF-15: cajas, palets y soluciones industriales a medida para transporte seguro y sostenible.\",\"publisher\":{\"@id\":\"https:\\\/\\\/embacarp.com\\\/ca\\\/#organization\"},\"potentialAction\":[{\"@type\":\"SearchAction\",\"target\":{\"@type\":\"EntryPoint\",\"urlTemplate\":\"https:\\\/\\\/embacarp.com\\\/ca\\\/?s={search_term_string}\"},\"query-input\":{\"@type\":\"PropertyValueSpecification\",\"valueRequired\":true,\"valueName\":\"search_term_string\"}}],\"inLanguage\":\"ca\"},{\"@type\":\"Organization\",\"@id\":\"https:\\\/\\\/embacarp.com\\\/ca\\\/#organization\",\"name\":\"Embacarp S.L.U.\",\"url\":\"https:\\\/\\\/embacarp.com\\\/ca\\\/\",\"logo\":{\"@type\":\"ImageObject\",\"inLanguage\":\"ca\",\"@id\":\"https:\\\/\\\/embacarp.com\\\/ca\\\/#\\\/schema\\\/logo\\\/image\\\/\",\"url\":\"https:\\\/\\\/embacarp.com\\\/wp-content\\\/uploads\\\/2020\\\/05\\\/logoembacarp.png\",\"contentUrl\":\"https:\\\/\\\/embacarp.com\\\/wp-content\\\/uploads\\\/2020\\\/05\\\/logoembacarp.png\",\"width\":519,\"height\":83,\"caption\":\"Embacarp S.L.U.\"},\"image\":{\"@id\":\"https:\\\/\\\/embacarp.com\\\/ca\\\/#\\\/schema\\\/logo\\\/image\\\/\"}}]}<\/script>\n<!-- \/ Yoast SEO plugin. -->","yoast_head_json":{"title":"Qui som - Embacarp","robots":{"index":"index","follow":"follow","max-snippet":"max-snippet:-1","max-image-preview":"max-image-preview:large","max-video-preview":"max-video-preview:-1"},"canonical":"https:\/\/embacarp.com\/ca\/qui-som\/","og_locale":"ca_ES","og_type":"article","og_title":"Qui som - Embacarp","og_url":"https:\/\/embacarp.com\/ca\/qui-som\/","og_site_name":"Embacarp","article_modified_time":"2025-09-09T10:29:14+00:00","og_image":[{"width":2000,"height":1332,"url":"https:\/\/embacarp.com\/wp-content\/uploads\/2025\/09\/embacarp_nave.jpg","type":"image\/jpeg"}],"twitter_card":"summary_large_image","twitter_misc":{"Temps estimat de lectura":"3 minuts"},"schema":{"@context":"https:\/\/schema.org","@graph":[{"@type":"WebPage","@id":"https:\/\/embacarp.com\/ca\/qui-som\/","url":"https:\/\/embacarp.com\/ca\/qui-som\/","name":"Qui som - Embacarp","isPartOf":{"@id":"https:\/\/embacarp.com\/ca\/#website"},"primaryImageOfPage":{"@id":"https:\/\/embacarp.com\/ca\/qui-som\/#primaryimage"},"image":{"@id":"https:\/\/embacarp.com\/ca\/qui-som\/#primaryimage"},"thumbnailUrl":"https:\/\/embacarp.com\/wp-content\/uploads\/2025\/09\/embacarp_nave-1024x682.jpg","datePublished":"2020-06-06T08:35:36+00:00","dateModified":"2025-09-09T10:29:14+00:00","breadcrumb":{"@id":"https:\/\/embacarp.com\/ca\/qui-som\/#breadcrumb"},"inLanguage":"ca","potentialAction":[{"@type":"ReadAction","target":["https:\/\/embacarp.com\/ca\/qui-som\/"]}]},{"@type":"ImageObject","inLanguage":"ca","@id":"https:\/\/embacarp.com\/ca\/qui-som\/#primaryimage","url":"https:\/\/embacarp.com\/wp-content\/uploads\/2025\/09\/embacarp_nave-1024x682.jpg","contentUrl":"https:\/\/embacarp.com\/wp-content\/uploads\/2025\/09\/embacarp_nave-1024x682.jpg"},{"@type":"BreadcrumbList","@id":"https:\/\/embacarp.com\/ca\/qui-som\/#breadcrumb","itemListElement":[{"@type":"ListItem","position":1,"name":"Portada","item":"https:\/\/embacarp.com\/ca\/"},{"@type":"ListItem","position":2,"name":"Qui som"}]},{"@type":"WebSite","@id":"https:\/\/embacarp.com\/ca\/#website","url":"https:\/\/embacarp.com\/ca\/","name":"Embacarp","description":"Embacarp fabrica embalajes de madera certificados NIMF-15: cajas, palets y soluciones industriales a medida para transporte seguro y sostenible.","publisher":{"@id":"https:\/\/embacarp.com\/ca\/#organization"},"potentialAction":[{"@type":"SearchAction","target":{"@type":"EntryPoint","urlTemplate":"https:\/\/embacarp.com\/ca\/?s={search_term_string}"},"query-input":{"@type":"PropertyValueSpecification","valueRequired":true,"valueName":"search_term_string"}}],"inLanguage":"ca"},{"@type":"Organization","@id":"https:\/\/embacarp.com\/ca\/#organization","name":"Embacarp S.L.U.","url":"https:\/\/embacarp.com\/ca\/","logo":{"@type":"ImageObject","inLanguage":"ca","@id":"https:\/\/embacarp.com\/ca\/#\/schema\/logo\/image\/","url":"https:\/\/embacarp.com\/wp-content\/uploads\/2020\/05\/logoembacarp.png","contentUrl":"https:\/\/embacarp.com\/wp-content\/uploads\/2020\/05\/logoembacarp.png","width":519,"height":83,"caption":"Embacarp S.L.U."},"image":{"@id":"https:\/\/embacarp.com\/ca\/#\/schema\/logo\/image\/"}}]}},"_links":{"self":[{"href":"https:\/\/embacarp.com\/ca\/wp-json\/wp\/v2\/pages\/689","targetHints":{"allow":["GET"]}}],"collection":[{"href":"https:\/\/embacarp.com\/ca\/wp-json\/wp\/v2\/pages"}],"about":[{"href":"https:\/\/embacarp.com\/ca\/wp-json\/wp\/v2\/types\/page"}],"author":[{"embeddable":true,"href":"https:\/\/embacarp.com\/ca\/wp-json\/wp\/v2\/users\/1"}],"replies":[{"embeddable":true,"href":"https:\/\/embacarp.com\/ca\/wp-json\/wp\/v2\/comments?post=689"}],"version-history":[{"count":2,"href":"https:\/\/embacarp.com\/ca\/wp-json\/wp\/v2\/pages\/689\/revisions"}],"predecessor-version":[{"id":740,"href":"https:\/\/embacarp.com\/ca\/wp-json\/wp\/v2\/pages\/689\/revisions\/740"}],"wp:attachment":[{"href":"https:\/\/embacarp.com\/ca\/wp-json\/wp\/v2\/media?parent=689"}],"curies":[{"name":"wp","href":"https:\/\/api.w.org\/{rel}","templated":true}]}}